{"id":4450,"date":"2023-07-24T16:09:51","date_gmt":"2023-07-24T16:09:51","guid":{"rendered":"https:\/\/pediatricdentalcenters.com\/?page_id=4450"},"modified":"2026-03-10T22:01:09","modified_gmt":"2026-03-10T22:01:09","slug":"machine-readable-files","status":"publish","type":"page","link":"https:\/\/pediatricdentalcenters.com\/es\/machine-readable-files\/","title":{"rendered":"Archivos Legibles por M\u00e1quina (MRF)"},"content":{"rendered":"<div data-elementor-type=\"wp-page\" data-elementor-id=\"4450\" class=\"elementor elementor-4450\" data-elementor-post-type=\"page\">\n\t\t\t\t\t\t<section class=\"elementor-section elementor-top-section elementor-element elementor-element-49d45a5 elementor-section-boxed elementor-section-height-default elementor-section-height-default\" data-id=\"49d45a5\" data-element_type=\"section\" data-e-type=\"section\">\n\t\t\t\t\t\t<div class=\"elementor-container elementor-column-gap-default\">\n\t\t\t\t\t<div class=\"elementor-column elementor-col-100 elementor-top-column elementor-element elementor-element-b5f9290\" data-id=\"b5f9290\" data-element_type=\"column\" data-e-type=\"column\">\n\t\t\t<div class=\"elementor-widget-wrap elementor-element-populated\">\n\t\t\t\t\t\t<div class=\"elementor-element elementor-element-b68415e elementor-widget elementor-widget-heading\" data-id=\"b68415e\" data-element_type=\"widget\" data-e-type=\"widget\" data-widget_type=\"heading.default\">\n\t\t\t\t<div class=\"elementor-widget-container\">\n\t\t\t\t\t<h1 class=\"elementor-heading-title elementor-size-default\">Archivos Legibles por M\u00e1quina (MRF)<\/h1>\t\t\t\t<\/div>\n\t\t\t\t<\/div>\n\t\t\t\t<section class=\"elementor-section elementor-inner-section elementor-element elementor-element-94415b2 elementor-section-boxed elementor-section-height-default elementor-section-height-default\" data-id=\"94415b2\" data-element_type=\"section\" data-e-type=\"section\">\n\t\t\t\t\t\t<div class=\"elementor-container elementor-column-gap-default\">\n\t\t\t\t\t<div class=\"elementor-column elementor-col-100 elementor-inner-column elementor-element elementor-element-06f604e\" data-id=\"06f604e\" data-element_type=\"column\" data-e-type=\"column\">\n\t\t\t<div class=\"elementor-widget-wrap elementor-element-populated\">\n\t\t\t\t\t\t<div class=\"elementor-element elementor-element-32ac3b1 elementor-widget elementor-widget-text-editor\" data-id=\"32ac3b1\" data-element_type=\"widget\" data-e-type=\"widget\" data-widget_type=\"text-editor.default\">\n\t\t\t\t<div class=\"elementor-widget-container\">\n\t\t\t\t\t\t\t\t\t<p><em><strong>Pediatric Dental Centers: archivos legibles por m\u00e1quina (MRF)<\/strong><\/em><\/p><p><em>Fecha de vigencia: 23\/07\/2023.<\/em><\/p><p>Introducci\u00f3n: En Pediatric Dental Centers, adoptamos el uso de la tecnolog\u00eda para mejorar nuestros servicios dentales y mejorar la atenci\u00f3n al paciente. Los archivos legibles por m\u00e1quina (MRF) juegan un papel importante en el logro de estos objetivos al permitir el intercambio de datos sin interrupciones y una comunicaci\u00f3n eficiente entre nuestro consultorio dental y otros sistemas de atenci\u00f3n m\u00e9dica. Este documento describe nuestro enfoque para manejar los MRF de una manera segura, compatible y centrada en el paciente.<\/p><p><strong>Tipos de archivos legibles por m\u00e1quina:<\/strong><\/p><p><strong>Expedientes Electr\u00f3nicos de Salud (EHR):<\/strong><\/p><p>Mantenemos registros de salud digitales de pacientes en formatos electr\u00f3nicos estructurados para garantizar un almacenamiento de datos preciso y completo. Los EHR contienen informaci\u00f3n esencial del paciente, incluido el historial m\u00e9dico, los planes de tratamiento, los informes de diagn\u00f3stico y los medicamentos recetados. Im\u00e1genes digitales y radiograf\u00edas:<\/p><p>Las im\u00e1genes dentales, como las radiograf\u00edas y las fotograf\u00edas intraorales, se almacenan como archivos digitales para mejorar su accesibilidad y permitir que se compartan m\u00e1s f\u00e1cilmente con los pacientes y otros proveedores de atenci\u00f3n m\u00e9dica. Reclamaciones Electr\u00f3nicas de Seguros:<\/p><p>Para acelerar el procesamiento de seguros y mejorar la precisi\u00f3n de las reclamaciones, utilizamos formatos legibles por m\u00e1quina para enviar reclamaciones de seguros electr\u00f3nicas a varios proveedores de seguros. Seguridad y privacidad de datos:<\/p><p><strong>Informaci\u00f3n de salud protegida (PHI):<\/strong><\/p><p>Estamos comprometidos a salvaguardar la privacidad del paciente y cumplir con todas las leyes aplicables, incluida la Ley de Portabilidad y Responsabilidad del Seguro M\u00e9dico (HIPAA). La PHI contenida en los MRF est\u00e1 cifrada y almacenada de forma segura para evitar el acceso no autorizado. Controles de acceso:<\/p><p>El acceso a los MRF est\u00e1 restringido solo al personal autorizado. Los miembros de nuestro personal reciben capacitaci\u00f3n sobre protocolos de seguridad de datos para garantizar la confidencialidad de la informaci\u00f3n del paciente. Copia de seguridad y recuperaci\u00f3n de datos:<\/p><p>Se realizan copias de seguridad peri\u00f3dicas de los datos para evitar la p\u00e9rdida de datos. Contamos con planes de contingencia para facilitar la recuperaci\u00f3n de datos en caso de incidentes inesperados. Interoperabilidad e intercambio de datos:<\/p><p><strong>Intercambio de informaci\u00f3n de salud (HIE):<\/strong><\/p><p>Pediatric Dental Centers participa activamente en las iniciativas de intercambio de informaci\u00f3n de salud para facilitar el intercambio seguro y eficiente de informaci\u00f3n de salud del paciente con otros proveedores de atenci\u00f3n m\u00e9dica cuando sea necesario para la continuidad de la atenci\u00f3n. Formatos estandarizados:<\/p><p>Siempre que sea posible, utilizamos formatos estandarizados para MRF para garantizar la compatibilidad con otros sistemas de atenci\u00f3n m\u00e9dica y promover el intercambio de datos sin problemas. Consentimiento del paciente:<\/p><p>Antes de compartir cualquier MRF con entidades externas o utilizar MRF con fines de investigaci\u00f3n o de salud p\u00fablica, obtenemos el consentimiento expl\u00edcito del paciente, seg\u00fan lo exigen las leyes y reglamentaciones aplicables.<\/p><p>Los pacientes tienen derecho a solicitar una copia de sus MRF y solicitar correcciones a cualquier inexactitud encontrada en sus registros.<\/p><p>Pediatric Dental Centers se compromete a mantener la integridad y la seguridad de los archivos legibles por m\u00e1quina para mejorar la atenci\u00f3n al paciente, facilitar el intercambio de datos y cumplir con las normas de privacidad de datos. Si tiene alguna pregunta o inquietud sobre el uso que hacemos de los MRF, no dude en comunicarse con nuestra oficina.<\/p><p>Gracias por confiar en Pediatric Dental Centers para las necesidades de atenci\u00f3n dental de su hijo.<\/p><p>Atentamente,<\/p><p>Pediatric Dental Centers<\/p><p>2645 Douglas Rd. Suite 703<\/p><p>Miami, Florida<\/p><p>33133<\/p><p>Tel\u00e9fono: (786) 368-6212<\/p><p class=\"translation-block\">Correo electronico: admin@pediatricdentalcenters.com<\/p><p>Sitio web: pediatricdentalcenters.com<\/p>\t\t\t\t\t\t\t\t<\/div>\n\t\t\t\t<\/div>\n\t\t\t\t<div class=\"elementor-element elementor-element-acfa0ef elementor-widget-elementskit-dual-button-center elementor-widget elementor-widget-elementskit-dual-button\" data-id=\"acfa0ef\" data-element_type=\"widget\" data-e-type=\"widget\" data-widget_type=\"elementskit-dual-button.default\">\n\t\t\t\t<div class=\"elementor-widget-container\">\n\t\t\t\t\t<div class=\"ekit-wid-con\" >\n                <div class=\"ekit-element-align-wrapper\">\n                    <div class=\"ekit_double_button\">                <a class=\"ekit-double-btn ekit-double-btn-one\" href=\"https:\/\/pediatricdentalcenters.com\/wp-content\/uploads\/2023\/07\/Machine-Readable-Files-MRFs_30517098.pdf\" download=\"\">\n                    <i aria-hidden=\"true\" class=\"fas fa-arrow-alt-circle-down\"><\/i>Download in english                <\/a>\n            \n            <a class=\"ekit-double-btn ekit-double-btn-two\" href=\"https:\/\/pediatricdentalcenters.com\/wp-content\/uploads\/2023\/07\/Archivos-Legibles-por-Maquina-MRF_30519403.pdf\" download=\"\">\n                    <i aria-hidden=\"true\" class=\"fas fa-arrow-alt-circle-down\"><\/i>Descargar en espa\u00f1ol                <\/a>\n                  <\/div>\n                <\/div>\n            <\/div>\t\t\t\t<\/div>\n\t\t\t\t<\/div>\n\t\t\t\t\t<\/div>\n\t\t<\/div>\n\t\t\t\t\t<\/div>\n\t\t<\/section>\n\t\t\t\t\t<\/div>\n\t\t<\/div>\n\t\t\t\t\t<\/div>\n\t\t<\/section>\n\t\t\t\t<\/div>","protected":false},"excerpt":{"rendered":"<p>Machine Readable Files (MRFs) Pediatric Dental Centers &#8211; Machine Readable Files (MRFs) Effective Date: 07\/23\/2023. Introduction: At Pediatric Dental Centers, we embrace the use of technology to enhance our dental services and improve patient care. Machine Readable Files (MRFs) play a significant role in achieving these objectives by enabling seamless data exchange and efficient communication&hellip;&nbsp;<a href=\"https:\/\/pediatricdentalcenters.com\/es\/machine-readable-files\/\" rel=\"bookmark\"><span class=\"screen-reader-text\">Archivos Legibles por M\u00e1quina (MRF)<\/span><\/a><\/p>","protected":false},"author":1,"featured_media":0,"parent":0,"menu_order":0,"comment_status":"closed","ping_status":"closed","template":"elementor_header_footer","meta":{"neve_meta_sidebar":"","neve_meta_container":"","neve_meta_enable_content_width":"off","neve_meta_content_width":100,"neve_meta_title_alignment":"","neve_meta_author_avatar":"","neve_post_elements_order":"","neve_meta_disable_header":"","neve_meta_disable_footer":"","neve_meta_disable_title":"","footnotes":""},"class_list":["post-4450","page","type-page","status-publish","hentry"],"yoast_head":"<!-- This site is optimized with the Yoast SEO plugin v27.0 - https:\/\/yoast.com\/product\/yoast-seo-wordpress\/ -->\n<title>Machine Readable Files (MRFs) - Pediatric Dental Centers<\/title>\n<meta name=\"robots\" content=\"index, follow, max-snippet:-1, max-image-preview:large, max-video-preview:-1\" \/>\n<link rel=\"canonical\" href=\"https:\/\/pediatricdentalcenters.com\/es\/machine-readable-files\/\" \/>\n<meta property=\"og:locale\" content=\"es_ES\" \/>\n<meta property=\"og:type\" content=\"article\" \/>\n<meta property=\"og:title\" content=\"Machine Readable Files (MRFs) - Pediatric Dental Centers\" \/>\n<meta property=\"og:description\" content=\"Machine Readable Files (MRFs) Pediatric Dental Centers &#8211; Machine Readable Files (MRFs) Effective Date: 07\/23\/2023. Introduction: At Pediatric Dental Centers, we embrace the use of technology to enhance our dental services and improve patient care. Machine Readable Files (MRFs) play a significant role in achieving these objectives by enabling seamless data exchange and efficient communication&hellip;&nbsp;Machine Readable Files (MRFs)\" \/>\n<meta property=\"og:url\" content=\"https:\/\/pediatricdentalcenters.com\/es\/machine-readable-files\/\" \/>\n<meta property=\"og:site_name\" content=\"Pediatric Dental Centers\" \/>\n<meta property=\"article:modified_time\" content=\"2026-03-10T22:01:09+00:00\" \/>\n<meta name=\"twitter:card\" content=\"summary_large_image\" \/>\n<meta name=\"twitter:label1\" content=\"Tiempo de lectura\" \/>\n\t<meta name=\"twitter:data1\" content=\"3 minutos\" \/>\n<script type=\"application\/ld+json\" class=\"yoast-schema-graph\">{\"@context\":\"https:\/\/schema.org\",\"@graph\":[{\"@type\":\"WebPage\",\"@id\":\"https:\/\/pediatricdentalcenters.com\/machine-readable-files\/\",\"url\":\"https:\/\/pediatricdentalcenters.com\/machine-readable-files\/\",\"name\":\"Machine Readable Files (MRFs) - Pediatric Dental Centers\",\"isPartOf\":{\"@id\":\"https:\/\/pediatricdentalcenters.com\/#website\"},\"datePublished\":\"2023-07-24T16:09:51+00:00\",\"dateModified\":\"2026-03-10T22:01:09+00:00\",\"breadcrumb\":{\"@id\":\"https:\/\/pediatricdentalcenters.com\/machine-readable-files\/#breadcrumb\"},\"inLanguage\":\"es\",\"potentialAction\":[{\"@type\":\"ReadAction\",\"target\":[\"https:\/\/pediatricdentalcenters.com\/machine-readable-files\/\"]}]},{\"@type\":\"BreadcrumbList\",\"@id\":\"https:\/\/pediatricdentalcenters.com\/machine-readable-files\/#breadcrumb\",\"itemListElement\":[{\"@type\":\"ListItem\",\"position\":1,\"name\":\"Portada\",\"item\":\"https:\/\/pediatricdentalcenters.com\/\"},{\"@type\":\"ListItem\",\"position\":2,\"name\":\"Machine Readable Files (MRFs)\"}]},{\"@type\":\"WebSite\",\"@id\":\"https:\/\/pediatricdentalcenters.com\/#website\",\"url\":\"https:\/\/pediatricdentalcenters.com\/\",\"name\":\"Pediatric Dental Centers\",\"description\":\"Pediatric Dental Centers offers high-quality, compassionate dental care for children in a safe, friendly environment. Our expert team ensures your child&#039;s smile stays healthy and bright. Book your appointment today!\",\"publisher\":{\"@id\":\"https:\/\/pediatricdentalcenters.com\/#organization\"},\"potentialAction\":[{\"@type\":\"SearchAction\",\"target\":{\"@type\":\"EntryPoint\",\"urlTemplate\":\"https:\/\/pediatricdentalcenters.com\/?s={search_term_string}\"},\"query-input\":{\"@type\":\"PropertyValueSpecification\",\"valueRequired\":true,\"valueName\":\"search_term_string\"}}],\"inLanguage\":\"es\"},{\"@type\":\"Organization\",\"@id\":\"https:\/\/pediatricdentalcenters.com\/#organization\",\"name\":\"Pediatric Dental Centers\",\"url\":\"https:\/\/pediatricdentalcenters.com\/\",\"logo\":{\"@type\":\"ImageObject\",\"inLanguage\":\"es\",\"@id\":\"https:\/\/pediatricdentalcenters.com\/#\/schema\/logo\/image\/\",\"url\":\"https:\/\/pediatricdentalcenters.com\/wp-content\/uploads\/2023\/02\/PDC-logo-1.png\",\"contentUrl\":\"https:\/\/pediatricdentalcenters.com\/wp-content\/uploads\/2023\/02\/PDC-logo-1.png\",\"width\":1836,\"height\":675,\"caption\":\"Pediatric Dental Centers\"},\"image\":{\"@id\":\"https:\/\/pediatricdentalcenters.com\/#\/schema\/logo\/image\/\"}}]}<\/script>\n<!-- \/ Yoast SEO plugin. -->","yoast_head_json":{"title":"Machine Readable Files (MRFs) - Pediatric Dental Centers","robots":{"index":"index","follow":"follow","max-snippet":"max-snippet:-1","max-image-preview":"max-image-preview:large","max-video-preview":"max-video-preview:-1"},"canonical":"https:\/\/pediatricdentalcenters.com\/es\/machine-readable-files\/","og_locale":"es_ES","og_type":"article","og_title":"Machine Readable Files (MRFs) - Pediatric Dental Centers","og_description":"Machine Readable Files (MRFs) Pediatric Dental Centers &#8211; Machine Readable Files (MRFs) Effective Date: 07\/23\/2023. Introduction: At Pediatric Dental Centers, we embrace the use of technology to enhance our dental services and improve patient care. Machine Readable Files (MRFs) play a significant role in achieving these objectives by enabling seamless data exchange and efficient communication&hellip;&nbsp;Machine Readable Files (MRFs)","og_url":"https:\/\/pediatricdentalcenters.com\/es\/machine-readable-files\/","og_site_name":"Pediatric Dental Centers","article_modified_time":"2026-03-10T22:01:09+00:00","twitter_card":"summary_large_image","twitter_misc":{"Tiempo de lectura":"3 minutos"},"schema":{"@context":"https:\/\/schema.org","@graph":[{"@type":"WebPage","@id":"https:\/\/pediatricdentalcenters.com\/machine-readable-files\/","url":"https:\/\/pediatricdentalcenters.com\/machine-readable-files\/","name":"Machine Readable Files (MRFs) - Pediatric Dental Centers","isPartOf":{"@id":"https:\/\/pediatricdentalcenters.com\/#website"},"datePublished":"2023-07-24T16:09:51+00:00","dateModified":"2026-03-10T22:01:09+00:00","breadcrumb":{"@id":"https:\/\/pediatricdentalcenters.com\/machine-readable-files\/#breadcrumb"},"inLanguage":"es","potentialAction":[{"@type":"ReadAction","target":["https:\/\/pediatricdentalcenters.com\/machine-readable-files\/"]}]},{"@type":"BreadcrumbList","@id":"https:\/\/pediatricdentalcenters.com\/machine-readable-files\/#breadcrumb","itemListElement":[{"@type":"ListItem","position":1,"name":"Portada","item":"https:\/\/pediatricdentalcenters.com\/"},{"@type":"ListItem","position":2,"name":"Machine Readable Files (MRFs)"}]},{"@type":"WebSite","@id":"https:\/\/pediatricdentalcenters.com\/#website","url":"https:\/\/pediatricdentalcenters.com\/","name":"Pediatric Dental Centers","description":"Pediatric Dental Centers offers high-quality, compassionate dental care for children in a safe, friendly environment. Our expert team ensures your child&#039;s smile stays healthy and bright. Book your appointment today!","publisher":{"@id":"https:\/\/pediatricdentalcenters.com\/#organization"},"potentialAction":[{"@type":"SearchAction","target":{"@type":"EntryPoint","urlTemplate":"https:\/\/pediatricdentalcenters.com\/?s={search_term_string}"},"query-input":{"@type":"PropertyValueSpecification","valueRequired":true,"valueName":"search_term_string"}}],"inLanguage":"es"},{"@type":"Organization","@id":"https:\/\/pediatricdentalcenters.com\/#organization","name":"Pediatric Dental Centers","url":"https:\/\/pediatricdentalcenters.com\/","logo":{"@type":"ImageObject","inLanguage":"es","@id":"https:\/\/pediatricdentalcenters.com\/#\/schema\/logo\/image\/","url":"https:\/\/pediatricdentalcenters.com\/wp-content\/uploads\/2023\/02\/PDC-logo-1.png","contentUrl":"https:\/\/pediatricdentalcenters.com\/wp-content\/uploads\/2023\/02\/PDC-logo-1.png","width":1836,"height":675,"caption":"Pediatric Dental Centers"},"image":{"@id":"https:\/\/pediatricdentalcenters.com\/#\/schema\/logo\/image\/"}}]}},"_links":{"self":[{"href":"https:\/\/pediatricdentalcenters.com\/es\/wp-json\/wp\/v2\/pages\/4450","targetHints":{"allow":["GET"]}}],"collection":[{"href":"https:\/\/pediatricdentalcenters.com\/es\/wp-json\/wp\/v2\/pages"}],"about":[{"href":"https:\/\/pediatricdentalcenters.com\/es\/wp-json\/wp\/v2\/types\/page"}],"author":[{"embeddable":true,"href":"https:\/\/pediatricdentalcenters.com\/es\/wp-json\/wp\/v2\/users\/1"}],"replies":[{"embeddable":true,"href":"https:\/\/pediatricdentalcenters.com\/es\/wp-json\/wp\/v2\/comments?post=4450"}],"version-history":[{"count":4,"href":"https:\/\/pediatricdentalcenters.com\/es\/wp-json\/wp\/v2\/pages\/4450\/revisions"}],"predecessor-version":[{"id":11157,"href":"https:\/\/pediatricdentalcenters.com\/es\/wp-json\/wp\/v2\/pages\/4450\/revisions\/11157"}],"wp:attachment":[{"href":"https:\/\/pediatricdentalcenters.com\/es\/wp-json\/wp\/v2\/media?parent=4450"}],"curies":[{"name":"wp","href":"https:\/\/api.w.org\/{rel}","templated":true}]}}