{"id":4443,"date":"2023-07-24T15:58:01","date_gmt":"2023-07-24T15:58:01","guid":{"rendered":"https:\/\/pediatricdentalcenters.com\/?page_id=4443"},"modified":"2026-03-10T22:00:56","modified_gmt":"2026-03-10T22:00:56","slug":"notice-of-non-discrimination","status":"publish","type":"page","link":"https:\/\/pediatricdentalcenters.com\/es\/notice-of-non-discrimination\/","title":{"rendered":"AVISO DE NO DISCRIMINACI\u00d3N"},"content":{"rendered":"<div data-elementor-type=\"wp-page\" data-elementor-id=\"4443\" class=\"elementor elementor-4443\" data-elementor-post-type=\"page\">\n\t\t\t\t\t\t<section class=\"elementor-section elementor-top-section elementor-element elementor-element-551e4ad elementor-section-boxed elementor-section-height-default elementor-section-height-default\" data-id=\"551e4ad\" data-element_type=\"section\" data-e-type=\"section\">\n\t\t\t\t\t\t<div class=\"elementor-container elementor-column-gap-default\">\n\t\t\t\t\t<div class=\"elementor-column elementor-col-100 elementor-top-column elementor-element elementor-element-75ae7f4\" data-id=\"75ae7f4\" data-element_type=\"column\" data-e-type=\"column\">\n\t\t\t<div class=\"elementor-widget-wrap elementor-element-populated\">\n\t\t\t\t\t\t<div class=\"elementor-element elementor-element-c6f4a31 elementor-widget elementor-widget-heading\" data-id=\"c6f4a31\" data-element_type=\"widget\" data-e-type=\"widget\" data-widget_type=\"heading.default\">\n\t\t\t\t<div class=\"elementor-widget-container\">\n\t\t\t\t\t<h1 class=\"elementor-heading-title elementor-size-default\">AVISO DE NO DISCRIMINACI\u00d3N<\/h1>\t\t\t\t<\/div>\n\t\t\t\t<\/div>\n\t\t\t\t<section class=\"elementor-section elementor-inner-section elementor-element elementor-element-c426bb9 elementor-section-boxed elementor-section-height-default elementor-section-height-default\" data-id=\"c426bb9\" data-element_type=\"section\" data-e-type=\"section\">\n\t\t\t\t\t\t<div class=\"elementor-container elementor-column-gap-default\">\n\t\t\t\t\t<div class=\"elementor-column elementor-col-100 elementor-inner-column elementor-element elementor-element-6927e78\" data-id=\"6927e78\" data-element_type=\"column\" data-e-type=\"column\">\n\t\t\t<div class=\"elementor-widget-wrap elementor-element-populated\">\n\t\t\t\t\t\t<div class=\"elementor-element elementor-element-2a44c1d elementor-widget elementor-widget-text-editor\" data-id=\"2a44c1d\" data-element_type=\"widget\" data-e-type=\"widget\" data-widget_type=\"text-editor.default\">\n\t\t\t\t<div class=\"elementor-widget-container\">\n\t\t\t\t\t\t\t\t\t<p><em><b>Aviso de no discriminaci\u00f3n de Pediatric Dental Centers.<\/b><\/em><\/p><p><em>Fecha de vigencia: 23\/07\/2023.<\/em><\/p><p>Pediatric Dental Centers cumple con las leyes federales de derechos civiles aplicables y no discrimina por motivos de raza, color, origen nacional, edad, discapacidad o sexo. Estamos comprometidos a brindar un ambiente acogedor e inclusivo para todos los pacientes y garantizar que nuestros servicios sean accesibles para personas con diversos antecedentes y necesidades.<\/p><p>De acuerdo con el T\u00edtulo VI de la Ley de Derechos Civiles de 1964, el T\u00edtulo IX de las Enmiendas Educativas de 1972, la Secci\u00f3n 504 de la Ley de Rehabilitaci\u00f3n de 1973, la Ley de Discriminaci\u00f3n por Edad de 1975 y la Ley de Estadounidenses con Discapacidades de 1990, los Centros Dentales Pedi\u00e1tricos no discrimina en la prestaci\u00f3n de servicios y tratamientos dentales.<\/p><p><strong>Pediatric Dental Centers asegura que:<\/strong><\/p><p>Las personas con discapacidades calificadas reciben igualdad de acceso a los servicios, programas y actividades proporcionados por el consultorio dental. Se realizar\u00e1n adaptaciones razonables para garantizar la igualdad de acceso a las personas con discapacidades, seg\u00fan lo exige la Ley de Estadounidenses con Discapacidades (ADA).<\/p><p>Los servicios de asistencia ling\u00fc\u00edstica se brindan de forma gratuita a las personas con dominio limitado del ingl\u00e9s. Los servicios de interpretaci\u00f3n y traducci\u00f3n estar\u00e1n disponibles para ayudar a los pacientes que no hablan ingl\u00e9s a comprender y comunicarse de manera efectiva con nuestro personal dental.<\/p><p>Todas las personas son tratadas con dignidad y respeto, independientemente de su raza, color, origen nacional, edad, discapacidad o sexo.<\/p><p>Si cree que Pediatric Dental Centers no ha brindado estos servicios o lo ha discriminado de alguna manera por motivos de raza, color, nacionalidad, edad, discapacidad o sexo, tiene derecho a presentar una queja. Las quejas pueden presentarse por escrito a:<\/p><p>Pediatric Dental Centers:<\/p><p>2645 Douglas Rd. Suite 703<\/p><p>Miami, Florida<\/p><p>33133<\/p><p>Tel\u00e9fono: (786) 368-6212<\/p><p class=\"translation-block\">Correo electronico: admin@pediatricdentalcenters.com<\/p><p>\u00a0Sitio web: pediatricdentalcenters.com<\/p><p>Tambi\u00e9n puede presentar una queja ante los EE. UU. Departamento de Salud y Servicios Humanos, Oficina de Derechos Civiles, electr\u00f3nicamente a trav\u00e9s del Portal de Quejas de la Oficina de Derechos Civiles, disponible en <a href=\"https:\/\/ocrportal.hhs.gov\/ocr\/portal\/lobby.jsf\">https:\/\/ocrportal.hhs.gov\/ocr\/portal\/lobby.jsf<\/a>, o por correo o tel\u00e9fono a:<\/p><p>Departamento de Salud y Servicios Humanos de EE. UU. 200 Independence Avenue, SW Room 509F, HHH Building Washington, D.C. 20201 1-800-368-1019, 800-537-7697 (TDD)<\/p><p>Los formularios de quejas est\u00e1n disponibles en <a href=\"http:\/\/www.hhs.gov\/ocr\/office\/file\/index.html\">http:\/\/www.hhs.gov\/ocr\/office\/file\/index.html<\/a>.<\/p><p>Pediatric Dental Centers no tomar\u00e1 represalias contra las personas que presenten una queja o participen en el proceso de resoluci\u00f3n de quejas.<\/p><p>Estamos comprometidos a brindar atenci\u00f3n dental de alta calidad a todos nuestros pacientes en un entorno que promueva la diversidad, la inclusi\u00f3n y el respeto. Si tiene alguna pregunta o inquietud con respecto a este Aviso de no discriminaci\u00f3n, no dude en comunicarse con nuestra oficina.<\/p><p>Gracias por elegir Pediatric Dental Centers como el proveedor de atenci\u00f3n dental de su hijo.<\/p><p>Atentamente,<\/p><p>Pediatric Dental Centers<\/p><p>2645 Douglas Rd. Suite 703<\/p><p>Miami, Florida<\/p><p>33133<\/p><p>Tel\u00e9fono: (786) 368-6212<\/p><p class=\"translation-block\">Correo electronico: admin@pediatricdentalcenters.com<\/p><p>\u00a0Sitio web: pediatricdentalcenters.com<\/p>\t\t\t\t\t\t\t\t<\/div>\n\t\t\t\t<\/div>\n\t\t\t\t<div class=\"elementor-element elementor-element-4b409c9 elementor-widget-elementskit-dual-button-center elementor-widget elementor-widget-elementskit-dual-button\" data-id=\"4b409c9\" data-element_type=\"widget\" data-e-type=\"widget\" data-widget_type=\"elementskit-dual-button.default\">\n\t\t\t\t<div class=\"elementor-widget-container\">\n\t\t\t\t\t<div class=\"ekit-wid-con\" >\n                <div class=\"ekit-element-align-wrapper\">\n                    <div class=\"ekit_double_button\">                <a class=\"ekit-double-btn ekit-double-btn-one\" href=\"https:\/\/pediatricdentalcenters.com\/wp-content\/uploads\/2023\/07\/NOTICE-OF-NON-DISCRIMINATION_30517178.pdf\" download=\"\">\n                    <i aria-hidden=\"true\" class=\"fas fa-arrow-alt-circle-down\"><\/i>Download in english                <\/a>\n            \n            <a class=\"ekit-double-btn ekit-double-btn-two\" href=\"https:\/\/pediatricdentalcenters.com\/wp-content\/uploads\/2023\/07\/AVISO-DE-NO-DISCRIMINACION_30519359.pdf\" download=\"\">\n                    <i aria-hidden=\"true\" class=\"fas fa-arrow-alt-circle-down\"><\/i>Descargar en espa\u00f1ol                <\/a>\n                  <\/div>\n                <\/div>\n            <\/div>\t\t\t\t<\/div>\n\t\t\t\t<\/div>\n\t\t\t\t\t<\/div>\n\t\t<\/div>\n\t\t\t\t\t<\/div>\n\t\t<\/section>\n\t\t\t\t\t<\/div>\n\t\t<\/div>\n\t\t\t\t\t<\/div>\n\t\t<\/section>\n\t\t\t\t<\/div>","protected":false},"excerpt":{"rendered":"<p>NOTICE OF NON-DISCRIMINATION Pediatric Dental Centers Notice of non-discrimination. Effective Date: 07\/23\/2023. Pediatric Dental Centers complies with applicable federal civil rights laws and does not discriminate on the basis of race, color, national origin, age, disability, or sex. We are committed to providing a welcoming and inclusive environment for all patients and ensuring that our&hellip;&nbsp;<a href=\"https:\/\/pediatricdentalcenters.com\/es\/notice-of-non-discrimination\/\" rel=\"bookmark\"><span class=\"screen-reader-text\">AVISO DE NO DISCRIMINACI\u00d3N<\/span><\/a><\/p>","protected":false},"author":1,"featured_media":0,"parent":0,"menu_order":0,"comment_status":"closed","ping_status":"closed","template":"elementor_header_footer","meta":{"neve_meta_sidebar":"","neve_meta_container":"","neve_meta_enable_content_width":"off","neve_meta_content_width":100,"neve_meta_title_alignment":"","neve_meta_author_avatar":"","neve_post_elements_order":"","neve_meta_disable_header":"","neve_meta_disable_footer":"","neve_meta_disable_title":"","footnotes":""},"class_list":["post-4443","page","type-page","status-publish","hentry"],"yoast_head":"<!-- This site is optimized with the Yoast SEO plugin v27.0 - https:\/\/yoast.com\/product\/yoast-seo-wordpress\/ -->\n<title>NOTICE OF NON-DISCRIMINATION - Pediatric Dental Centers<\/title>\n<meta name=\"robots\" content=\"index, follow, max-snippet:-1, max-image-preview:large, max-video-preview:-1\" \/>\n<link rel=\"canonical\" href=\"https:\/\/pediatricdentalcenters.com\/es\/notice-of-non-discrimination\/\" \/>\n<meta property=\"og:locale\" content=\"es_ES\" \/>\n<meta property=\"og:type\" content=\"article\" \/>\n<meta property=\"og:title\" content=\"NOTICE OF NON-DISCRIMINATION - Pediatric Dental Centers\" \/>\n<meta property=\"og:description\" content=\"NOTICE OF NON-DISCRIMINATION Pediatric Dental Centers Notice of non-discrimination. Effective Date: 07\/23\/2023. Pediatric Dental Centers complies with applicable federal civil rights laws and does not discriminate on the basis of race, color, national origin, age, disability, or sex. We are committed to providing a welcoming and inclusive environment for all patients and ensuring that our&hellip;&nbsp;NOTICE OF NON-DISCRIMINATION\" \/>\n<meta property=\"og:url\" content=\"https:\/\/pediatricdentalcenters.com\/es\/notice-of-non-discrimination\/\" \/>\n<meta property=\"og:site_name\" content=\"Pediatric Dental Centers\" \/>\n<meta property=\"article:modified_time\" content=\"2026-03-10T22:00:56+00:00\" \/>\n<meta name=\"twitter:card\" content=\"summary_large_image\" \/>\n<meta name=\"twitter:label1\" content=\"Tiempo de lectura\" \/>\n\t<meta name=\"twitter:data1\" content=\"3 minutos\" \/>\n<script type=\"application\/ld+json\" class=\"yoast-schema-graph\">{\"@context\":\"https:\/\/schema.org\",\"@graph\":[{\"@type\":\"WebPage\",\"@id\":\"https:\/\/pediatricdentalcenters.com\/notice-of-non-discrimination\/\",\"url\":\"https:\/\/pediatricdentalcenters.com\/notice-of-non-discrimination\/\",\"name\":\"NOTICE OF NON-DISCRIMINATION - Pediatric Dental Centers\",\"isPartOf\":{\"@id\":\"https:\/\/pediatricdentalcenters.com\/#website\"},\"datePublished\":\"2023-07-24T15:58:01+00:00\",\"dateModified\":\"2026-03-10T22:00:56+00:00\",\"breadcrumb\":{\"@id\":\"https:\/\/pediatricdentalcenters.com\/notice-of-non-discrimination\/#breadcrumb\"},\"inLanguage\":\"es\",\"potentialAction\":[{\"@type\":\"ReadAction\",\"target\":[\"https:\/\/pediatricdentalcenters.com\/notice-of-non-discrimination\/\"]}]},{\"@type\":\"BreadcrumbList\",\"@id\":\"https:\/\/pediatricdentalcenters.com\/notice-of-non-discrimination\/#breadcrumb\",\"itemListElement\":[{\"@type\":\"ListItem\",\"position\":1,\"name\":\"Portada\",\"item\":\"https:\/\/pediatricdentalcenters.com\/\"},{\"@type\":\"ListItem\",\"position\":2,\"name\":\"NOTICE OF NON-DISCRIMINATION\"}]},{\"@type\":\"WebSite\",\"@id\":\"https:\/\/pediatricdentalcenters.com\/#website\",\"url\":\"https:\/\/pediatricdentalcenters.com\/\",\"name\":\"Pediatric Dental Centers\",\"description\":\"Pediatric Dental Centers offers high-quality, compassionate dental care for children in a safe, friendly environment. Our expert team ensures your child&#039;s smile stays healthy and bright. Book your appointment today!\",\"publisher\":{\"@id\":\"https:\/\/pediatricdentalcenters.com\/#organization\"},\"potentialAction\":[{\"@type\":\"SearchAction\",\"target\":{\"@type\":\"EntryPoint\",\"urlTemplate\":\"https:\/\/pediatricdentalcenters.com\/?s={search_term_string}\"},\"query-input\":{\"@type\":\"PropertyValueSpecification\",\"valueRequired\":true,\"valueName\":\"search_term_string\"}}],\"inLanguage\":\"es\"},{\"@type\":\"Organization\",\"@id\":\"https:\/\/pediatricdentalcenters.com\/#organization\",\"name\":\"Pediatric Dental Centers\",\"url\":\"https:\/\/pediatricdentalcenters.com\/\",\"logo\":{\"@type\":\"ImageObject\",\"inLanguage\":\"es\",\"@id\":\"https:\/\/pediatricdentalcenters.com\/#\/schema\/logo\/image\/\",\"url\":\"https:\/\/pediatricdentalcenters.com\/wp-content\/uploads\/2023\/02\/PDC-logo-1.png\",\"contentUrl\":\"https:\/\/pediatricdentalcenters.com\/wp-content\/uploads\/2023\/02\/PDC-logo-1.png\",\"width\":1836,\"height\":675,\"caption\":\"Pediatric Dental Centers\"},\"image\":{\"@id\":\"https:\/\/pediatricdentalcenters.com\/#\/schema\/logo\/image\/\"}}]}<\/script>\n<!-- \/ Yoast SEO plugin. -->","yoast_head_json":{"title":"NOTICE OF NON-DISCRIMINATION - Pediatric Dental Centers","robots":{"index":"index","follow":"follow","max-snippet":"max-snippet:-1","max-image-preview":"max-image-preview:large","max-video-preview":"max-video-preview:-1"},"canonical":"https:\/\/pediatricdentalcenters.com\/es\/notice-of-non-discrimination\/","og_locale":"es_ES","og_type":"article","og_title":"NOTICE OF NON-DISCRIMINATION - Pediatric Dental Centers","og_description":"NOTICE OF NON-DISCRIMINATION Pediatric Dental Centers Notice of non-discrimination. Effective Date: 07\/23\/2023. Pediatric Dental Centers complies with applicable federal civil rights laws and does not discriminate on the basis of race, color, national origin, age, disability, or sex. We are committed to providing a welcoming and inclusive environment for all patients and ensuring that our&hellip;&nbsp;NOTICE OF NON-DISCRIMINATION","og_url":"https:\/\/pediatricdentalcenters.com\/es\/notice-of-non-discrimination\/","og_site_name":"Pediatric Dental Centers","article_modified_time":"2026-03-10T22:00:56+00:00","twitter_card":"summary_large_image","twitter_misc":{"Tiempo de lectura":"3 minutos"},"schema":{"@context":"https:\/\/schema.org","@graph":[{"@type":"WebPage","@id":"https:\/\/pediatricdentalcenters.com\/notice-of-non-discrimination\/","url":"https:\/\/pediatricdentalcenters.com\/notice-of-non-discrimination\/","name":"NOTICE OF NON-DISCRIMINATION - Pediatric Dental Centers","isPartOf":{"@id":"https:\/\/pediatricdentalcenters.com\/#website"},"datePublished":"2023-07-24T15:58:01+00:00","dateModified":"2026-03-10T22:00:56+00:00","breadcrumb":{"@id":"https:\/\/pediatricdentalcenters.com\/notice-of-non-discrimination\/#breadcrumb"},"inLanguage":"es","potentialAction":[{"@type":"ReadAction","target":["https:\/\/pediatricdentalcenters.com\/notice-of-non-discrimination\/"]}]},{"@type":"BreadcrumbList","@id":"https:\/\/pediatricdentalcenters.com\/notice-of-non-discrimination\/#breadcrumb","itemListElement":[{"@type":"ListItem","position":1,"name":"Portada","item":"https:\/\/pediatricdentalcenters.com\/"},{"@type":"ListItem","position":2,"name":"NOTICE OF NON-DISCRIMINATION"}]},{"@type":"WebSite","@id":"https:\/\/pediatricdentalcenters.com\/#website","url":"https:\/\/pediatricdentalcenters.com\/","name":"Pediatric Dental Centers","description":"Pediatric Dental Centers offers high-quality, compassionate dental care for children in a safe, friendly environment. Our expert team ensures your child&#039;s smile stays healthy and bright. Book your appointment today!","publisher":{"@id":"https:\/\/pediatricdentalcenters.com\/#organization"},"potentialAction":[{"@type":"SearchAction","target":{"@type":"EntryPoint","urlTemplate":"https:\/\/pediatricdentalcenters.com\/?s={search_term_string}"},"query-input":{"@type":"PropertyValueSpecification","valueRequired":true,"valueName":"search_term_string"}}],"inLanguage":"es"},{"@type":"Organization","@id":"https:\/\/pediatricdentalcenters.com\/#organization","name":"Pediatric Dental Centers","url":"https:\/\/pediatricdentalcenters.com\/","logo":{"@type":"ImageObject","inLanguage":"es","@id":"https:\/\/pediatricdentalcenters.com\/#\/schema\/logo\/image\/","url":"https:\/\/pediatricdentalcenters.com\/wp-content\/uploads\/2023\/02\/PDC-logo-1.png","contentUrl":"https:\/\/pediatricdentalcenters.com\/wp-content\/uploads\/2023\/02\/PDC-logo-1.png","width":1836,"height":675,"caption":"Pediatric Dental Centers"},"image":{"@id":"https:\/\/pediatricdentalcenters.com\/#\/schema\/logo\/image\/"}}]}},"_links":{"self":[{"href":"https:\/\/pediatricdentalcenters.com\/es\/wp-json\/wp\/v2\/pages\/4443","targetHints":{"allow":["GET"]}}],"collection":[{"href":"https:\/\/pediatricdentalcenters.com\/es\/wp-json\/wp\/v2\/pages"}],"about":[{"href":"https:\/\/pediatricdentalcenters.com\/es\/wp-json\/wp\/v2\/types\/page"}],"author":[{"embeddable":true,"href":"https:\/\/pediatricdentalcenters.com\/es\/wp-json\/wp\/v2\/users\/1"}],"replies":[{"embeddable":true,"href":"https:\/\/pediatricdentalcenters.com\/es\/wp-json\/wp\/v2\/comments?post=4443"}],"version-history":[{"count":4,"href":"https:\/\/pediatricdentalcenters.com\/es\/wp-json\/wp\/v2\/pages\/4443\/revisions"}],"predecessor-version":[{"id":11156,"href":"https:\/\/pediatricdentalcenters.com\/es\/wp-json\/wp\/v2\/pages\/4443\/revisions\/11156"}],"wp:attachment":[{"href":"https:\/\/pediatricdentalcenters.com\/es\/wp-json\/wp\/v2\/media?parent=4443"}],"curies":[{"name":"wp","href":"https:\/\/api.w.org\/{rel}","templated":true}]}}