{"id":4429,"date":"2023-07-24T15:49:27","date_gmt":"2023-07-24T15:49:27","guid":{"rendered":"https:\/\/pediatricdentalcenters.com\/?page_id=4429"},"modified":"2026-03-10T22:04:45","modified_gmt":"2026-03-10T22:04:45","slug":"financial-policy","status":"publish","type":"page","link":"https:\/\/pediatricdentalcenters.com\/es\/financial-policy\/","title":{"rendered":"Pol\u00edtica Financiera"},"content":{"rendered":"<div data-elementor-type=\"wp-page\" data-elementor-id=\"4429\" class=\"elementor elementor-4429\" data-elementor-post-type=\"page\">\n\t\t\t\t\t\t<section class=\"elementor-section elementor-top-section elementor-element elementor-element-7253124 elementor-section-boxed elementor-section-height-default elementor-section-height-default\" data-id=\"7253124\" data-element_type=\"section\" data-e-type=\"section\">\n\t\t\t\t\t\t<div class=\"elementor-container elementor-column-gap-default\">\n\t\t\t\t\t<div class=\"elementor-column elementor-col-100 elementor-top-column elementor-element elementor-element-a0a72b9\" data-id=\"a0a72b9\" data-element_type=\"column\" data-e-type=\"column\">\n\t\t\t<div class=\"elementor-widget-wrap elementor-element-populated\">\n\t\t\t\t\t\t<div class=\"elementor-element elementor-element-e2ce318 elementor-widget elementor-widget-heading\" data-id=\"e2ce318\" data-element_type=\"widget\" data-e-type=\"widget\" data-widget_type=\"heading.default\">\n\t\t\t\t<div class=\"elementor-widget-container\">\n\t\t\t\t\t<h1 class=\"elementor-heading-title elementor-size-default\">Pol\u00edtica Financiera<\/h1>\t\t\t\t<\/div>\n\t\t\t\t<\/div>\n\t\t\t\t<section class=\"elementor-section elementor-inner-section elementor-element elementor-element-ef32aa8 elementor-section-boxed elementor-section-height-default elementor-section-height-default\" data-id=\"ef32aa8\" data-element_type=\"section\" data-e-type=\"section\">\n\t\t\t\t\t\t<div class=\"elementor-container elementor-column-gap-default\">\n\t\t\t\t\t<div class=\"elementor-column elementor-col-100 elementor-inner-column elementor-element elementor-element-fd090fc\" data-id=\"fd090fc\" data-element_type=\"column\" data-e-type=\"column\">\n\t\t\t<div class=\"elementor-widget-wrap elementor-element-populated\">\n\t\t\t\t\t\t<div class=\"elementor-element elementor-element-bef6eb4 elementor-widget elementor-widget-text-editor\" data-id=\"bef6eb4\" data-element_type=\"widget\" data-e-type=\"widget\" data-widget_type=\"text-editor.default\">\n\t\t\t\t<div class=\"elementor-widget-container\">\n\t\t\t\t\t\t\t\t\t<p><em><b>Pol\u00edtica financiera de los Pediatric Dental Centers.<\/b><\/em><\/p><p><em>Fecha de vigencia: 23\/07\/2023.<\/em><\/p><p>Gracias por elegir Pediatric Dental Centers para el cuidado dental de su hijo. Estamos comprometidos a brindarle los mejores servicios dentales posibles mientras mantenemos pr\u00e1cticas financieras claras y transparentes. Esta Pol\u00edtica Financiera explica nuestros procedimientos de pago y seguro. Al recibir nuestros servicios dentales, usted acepta los siguientes t\u00e9rminos:<\/p><p><b>Pago por Servicios:<\/b><\/p><p>1.1. El pago vence en el momento del servicio a menos que se hayan hecho arreglos previos con nuestra oficina. Aceptamos varias formas de pago, incluyendo efectivo, tarjetas de cr\u00e9dito y cheques personales.<\/p><p>1.2. Para los servicios no cubiertos por el seguro o si usted es un paciente que paga por cuenta propia, se requiere un pago completo al momento del servicio. Ofrecemos varios planes de pago y opciones de financiamiento; por favor consulte con nuestro personal de la oficina para obtener m\u00e1s informaci\u00f3n.<\/p><p>1.3. Si su hijo tiene seguro dental, estimaremos su parte del costo seg\u00fan la informaci\u00f3n proporcionada por su compa\u00f1\u00eda de seguros. Sin embargo, esto es solo una estimaci\u00f3n y la responsabilidad final del paciente puede variar seg\u00fan su plan de seguro espec\u00edfico.<\/p><p><b>Seguro:<\/b><\/p><p>2.1. Aceptamos la mayor\u00eda de los planes de seguro dental y estamos comprometidos a ayudarlo a recibir los m\u00e1ximos beneficios disponibles en la p\u00f3liza de su hijo.<\/p><p>2.2. Como cortes\u00eda, presentaremos reclamos de seguro en su nombre. Sin embargo, comprenda que usted es el responsable final de todos los cargos no cubiertos por la compa\u00f1\u00eda de seguros de su hijo.<\/p><p>2.3. Si la compa\u00f1\u00eda de seguros de su hijo no paga la parte estimada o rechaza el reclamo, usted es responsable del saldo pendiente.<\/p><p>2.4. Todos los copagos, deducibles o servicios no cubiertos vencen en el momento del servicio.<\/p><p><b>Citas perdidas y cancelaciones:<\/b><\/p><p>3.1. Entendemos que las circunstancias pueden requerir que reprograme o cancele citas. Sin embargo, le solicitamos amablemente que nos avise con al menos 24 horas de anticipaci\u00f3n para evitar una tarifa por cita perdida.<\/p><p>3.2. Las citas perdidas o las cancelaciones sin previo aviso pueden estar sujetas a una tarifa seg\u00fan lo determine nuestra oficina.<\/p><p><b>Cuentas morosas:<\/b><\/p><p>4.1. Las cuentas con saldos pendientes por m\u00e1s de [30] d\u00edas pueden estar sujetas a esfuerzos de cobranza y usted puede ser responsable de cualquier costo adicional relacionado con la cobranza.<\/p><p>4.2. Nos reservamos el derecho de suspender el tratamiento adicional para pacientes con cuentas atrasadas.<\/p><p><b>Responsabilidad financiera:<\/b><\/p><p>5.1. Como padre o tutor, usted es responsable de todos los cargos asociados con los servicios dentales brindados a su hijo.<\/p><p>5.2. Al firmar a continuaci\u00f3n, reconoce y acepta la responsabilidad financiera descrita en esta pol\u00edtica.<\/p><p>Creemos que la comunicaci\u00f3n abierta sobre asuntos financieros es crucial para una relaci\u00f3n positiva entre el paciente y el dentista. Si tiene alguna pregunta o inquietud acerca de nuestra pol\u00edtica financiera, no dude en consultarla con el personal de nuestra oficina. Estamos aqu\u00ed para ayudarlo a navegar los aspectos financieros de la atenci\u00f3n dental de su hijo y brindarle una experiencia placentera.<\/p><p>Nombre del paciente: ________________________________________________<\/p><p>Firma: __________________________________________________<\/p><p>Fecha: ______________________________________________________<\/p><p>Firma del Padre \/ Tutor: ___________________________________<\/p><p>Fecha: ______________________________________________________<\/p><p>Parte superior de la forma<\/p>\t\t\t\t\t\t\t\t<\/div>\n\t\t\t\t<\/div>\n\t\t\t\t<div class=\"elementor-element elementor-element-22ef45b elementor-widget-elementskit-dual-button-center elementor-widget elementor-widget-elementskit-dual-button\" data-id=\"22ef45b\" data-element_type=\"widget\" data-e-type=\"widget\" data-widget_type=\"elementskit-dual-button.default\">\n\t\t\t\t<div class=\"elementor-widget-container\">\n\t\t\t\t\t<div class=\"ekit-wid-con\" >\n                <div class=\"ekit-element-align-wrapper\">\n                    <div class=\"ekit_double_button\">                <a class=\"ekit-double-btn ekit-double-btn-one\" href=\"https:\/\/pediatricdentalcenters.com\/wp-content\/uploads\/2023\/07\/Pediatric-Dental-Centers-Financial-Policy_30517244.pdf\" download=\"\">\n                    <i aria-hidden=\"true\" class=\"fas fa-arrow-alt-circle-down\"><\/i>Download in english                <\/a>\n            \n            <a class=\"ekit-double-btn ekit-double-btn-two\" href=\"https:\/\/pediatricdentalcenters.com\/wp-content\/uploads\/2023\/07\/Politica-Financiera_30519157.pdf\" download=\"\">\n                    <i aria-hidden=\"true\" class=\"fas fa-arrow-alt-circle-down\"><\/i>Descargar en espa\u00f1ol                <\/a>\n                  <\/div>\n                <\/div>\n            <\/div>\t\t\t\t<\/div>\n\t\t\t\t<\/div>\n\t\t\t\t\t<\/div>\n\t\t<\/div>\n\t\t\t\t\t<\/div>\n\t\t<\/section>\n\t\t\t\t\t<\/div>\n\t\t<\/div>\n\t\t\t\t\t<\/div>\n\t\t<\/section>\n\t\t\t\t<\/div>","protected":false},"excerpt":{"rendered":"<p>Financial Policy Pediatric Dental Centers Financial Policy. Effective Date: 07\/23\/2023. Thank you for choosing Pediatric Dental Centers for your child&#8217;s dental care. We are committed to providing you with the best possible dental services while maintaining clear and transparent financial practices. This Financial Policy explains our payment and insurance procedures. By receiving dental services from&hellip;&nbsp;<a href=\"https:\/\/pediatricdentalcenters.com\/es\/financial-policy\/\" rel=\"bookmark\"><span class=\"screen-reader-text\">Pol\u00edtica Financiera<\/span><\/a><\/p>","protected":false},"author":1,"featured_media":0,"parent":0,"menu_order":0,"comment_status":"closed","ping_status":"closed","template":"elementor_header_footer","meta":{"neve_meta_sidebar":"","neve_meta_container":"","neve_meta_enable_content_width":"off","neve_meta_content_width":100,"neve_meta_title_alignment":"","neve_meta_author_avatar":"","neve_post_elements_order":"","neve_meta_disable_header":"","neve_meta_disable_footer":"","neve_meta_disable_title":"","footnotes":""},"class_list":["post-4429","page","type-page","status-publish","hentry"],"yoast_head":"<!-- This site is optimized with the Yoast SEO plugin v27.0 - https:\/\/yoast.com\/product\/yoast-seo-wordpress\/ -->\n<title>Financial Policy - Pediatric Dental Centers<\/title>\n<meta name=\"description\" content=\"Learn about our payment and insurance options for children&#039;s dental treatments.\" \/>\n<meta name=\"robots\" content=\"index, follow, max-snippet:-1, max-image-preview:large, max-video-preview:-1\" \/>\n<link rel=\"canonical\" href=\"https:\/\/pediatricdentalcenters.com\/es\/financial-policy\/\" \/>\n<meta property=\"og:locale\" content=\"es_ES\" \/>\n<meta property=\"og:type\" content=\"article\" \/>\n<meta property=\"og:title\" content=\"Financial Policy - Pediatric Dental Centers\" \/>\n<meta property=\"og:description\" content=\"Learn about our payment and insurance options for children&#039;s dental treatments.\" \/>\n<meta property=\"og:url\" content=\"https:\/\/pediatricdentalcenters.com\/es\/financial-policy\/\" \/>\n<meta property=\"og:site_name\" content=\"Pediatric Dental Centers\" \/>\n<meta property=\"article:modified_time\" content=\"2026-03-10T22:04:45+00:00\" \/>\n<meta name=\"twitter:card\" content=\"summary_large_image\" \/>\n<meta name=\"twitter:label1\" content=\"Tiempo de lectura\" \/>\n\t<meta name=\"twitter:data1\" content=\"3 minutos\" \/>\n<script type=\"application\/ld+json\" class=\"yoast-schema-graph\">{\"@context\":\"https:\/\/schema.org\",\"@graph\":[{\"@type\":\"WebPage\",\"@id\":\"https:\/\/pediatricdentalcenters.com\/financial-policy\/\",\"url\":\"https:\/\/pediatricdentalcenters.com\/financial-policy\/\",\"name\":\"Financial Policy - Pediatric Dental Centers\",\"isPartOf\":{\"@id\":\"https:\/\/pediatricdentalcenters.com\/#website\"},\"datePublished\":\"2023-07-24T15:49:27+00:00\",\"dateModified\":\"2026-03-10T22:04:45+00:00\",\"description\":\"Learn about our payment and insurance options for children's dental treatments.\",\"breadcrumb\":{\"@id\":\"https:\/\/pediatricdentalcenters.com\/financial-policy\/#breadcrumb\"},\"inLanguage\":\"es\",\"potentialAction\":[{\"@type\":\"ReadAction\",\"target\":[\"https:\/\/pediatricdentalcenters.com\/financial-policy\/\"]}]},{\"@type\":\"BreadcrumbList\",\"@id\":\"https:\/\/pediatricdentalcenters.com\/financial-policy\/#breadcrumb\",\"itemListElement\":[{\"@type\":\"ListItem\",\"position\":1,\"name\":\"Portada\",\"item\":\"https:\/\/pediatricdentalcenters.com\/\"},{\"@type\":\"ListItem\",\"position\":2,\"name\":\"Financial Policy\"}]},{\"@type\":\"WebSite\",\"@id\":\"https:\/\/pediatricdentalcenters.com\/#website\",\"url\":\"https:\/\/pediatricdentalcenters.com\/\",\"name\":\"Pediatric Dental Centers\",\"description\":\"Pediatric Dental Centers offers high-quality, compassionate dental care for children in a safe, friendly environment. Our expert team ensures your child&#039;s smile stays healthy and bright. Book your appointment today!\",\"publisher\":{\"@id\":\"https:\/\/pediatricdentalcenters.com\/#organization\"},\"potentialAction\":[{\"@type\":\"SearchAction\",\"target\":{\"@type\":\"EntryPoint\",\"urlTemplate\":\"https:\/\/pediatricdentalcenters.com\/?s={search_term_string}\"},\"query-input\":{\"@type\":\"PropertyValueSpecification\",\"valueRequired\":true,\"valueName\":\"search_term_string\"}}],\"inLanguage\":\"es\"},{\"@type\":\"Organization\",\"@id\":\"https:\/\/pediatricdentalcenters.com\/#organization\",\"name\":\"Pediatric Dental Centers\",\"url\":\"https:\/\/pediatricdentalcenters.com\/\",\"logo\":{\"@type\":\"ImageObject\",\"inLanguage\":\"es\",\"@id\":\"https:\/\/pediatricdentalcenters.com\/#\/schema\/logo\/image\/\",\"url\":\"https:\/\/pediatricdentalcenters.com\/wp-content\/uploads\/2023\/02\/PDC-logo-1.png\",\"contentUrl\":\"https:\/\/pediatricdentalcenters.com\/wp-content\/uploads\/2023\/02\/PDC-logo-1.png\",\"width\":1836,\"height\":675,\"caption\":\"Pediatric Dental Centers\"},\"image\":{\"@id\":\"https:\/\/pediatricdentalcenters.com\/#\/schema\/logo\/image\/\"}}]}<\/script>\n<!-- \/ Yoast SEO plugin. -->","yoast_head_json":{"title":"Financial Policy - Pediatric Dental Centers","description":"Learn about our payment and insurance options for children's dental treatments.","robots":{"index":"index","follow":"follow","max-snippet":"max-snippet:-1","max-image-preview":"max-image-preview:large","max-video-preview":"max-video-preview:-1"},"canonical":"https:\/\/pediatricdentalcenters.com\/es\/financial-policy\/","og_locale":"es_ES","og_type":"article","og_title":"Financial Policy - Pediatric Dental Centers","og_description":"Learn about our payment and insurance options for children's dental treatments.","og_url":"https:\/\/pediatricdentalcenters.com\/es\/financial-policy\/","og_site_name":"Pediatric Dental Centers","article_modified_time":"2026-03-10T22:04:45+00:00","twitter_card":"summary_large_image","twitter_misc":{"Tiempo de lectura":"3 minutos"},"schema":{"@context":"https:\/\/schema.org","@graph":[{"@type":"WebPage","@id":"https:\/\/pediatricdentalcenters.com\/financial-policy\/","url":"https:\/\/pediatricdentalcenters.com\/financial-policy\/","name":"Financial Policy - Pediatric Dental Centers","isPartOf":{"@id":"https:\/\/pediatricdentalcenters.com\/#website"},"datePublished":"2023-07-24T15:49:27+00:00","dateModified":"2026-03-10T22:04:45+00:00","description":"Learn about our payment and insurance options for children's dental treatments.","breadcrumb":{"@id":"https:\/\/pediatricdentalcenters.com\/financial-policy\/#breadcrumb"},"inLanguage":"es","potentialAction":[{"@type":"ReadAction","target":["https:\/\/pediatricdentalcenters.com\/financial-policy\/"]}]},{"@type":"BreadcrumbList","@id":"https:\/\/pediatricdentalcenters.com\/financial-policy\/#breadcrumb","itemListElement":[{"@type":"ListItem","position":1,"name":"Portada","item":"https:\/\/pediatricdentalcenters.com\/"},{"@type":"ListItem","position":2,"name":"Financial Policy"}]},{"@type":"WebSite","@id":"https:\/\/pediatricdentalcenters.com\/#website","url":"https:\/\/pediatricdentalcenters.com\/","name":"Pediatric Dental Centers","description":"Pediatric Dental Centers offers high-quality, compassionate dental care for children in a safe, friendly environment. Our expert team ensures your child&#039;s smile stays healthy and bright. Book your appointment today!","publisher":{"@id":"https:\/\/pediatricdentalcenters.com\/#organization"},"potentialAction":[{"@type":"SearchAction","target":{"@type":"EntryPoint","urlTemplate":"https:\/\/pediatricdentalcenters.com\/?s={search_term_string}"},"query-input":{"@type":"PropertyValueSpecification","valueRequired":true,"valueName":"search_term_string"}}],"inLanguage":"es"},{"@type":"Organization","@id":"https:\/\/pediatricdentalcenters.com\/#organization","name":"Pediatric Dental Centers","url":"https:\/\/pediatricdentalcenters.com\/","logo":{"@type":"ImageObject","inLanguage":"es","@id":"https:\/\/pediatricdentalcenters.com\/#\/schema\/logo\/image\/","url":"https:\/\/pediatricdentalcenters.com\/wp-content\/uploads\/2023\/02\/PDC-logo-1.png","contentUrl":"https:\/\/pediatricdentalcenters.com\/wp-content\/uploads\/2023\/02\/PDC-logo-1.png","width":1836,"height":675,"caption":"Pediatric Dental Centers"},"image":{"@id":"https:\/\/pediatricdentalcenters.com\/#\/schema\/logo\/image\/"}}]}},"_links":{"self":[{"href":"https:\/\/pediatricdentalcenters.com\/es\/wp-json\/wp\/v2\/pages\/4429","targetHints":{"allow":["GET"]}}],"collection":[{"href":"https:\/\/pediatricdentalcenters.com\/es\/wp-json\/wp\/v2\/pages"}],"about":[{"href":"https:\/\/pediatricdentalcenters.com\/es\/wp-json\/wp\/v2\/types\/page"}],"author":[{"embeddable":true,"href":"https:\/\/pediatricdentalcenters.com\/es\/wp-json\/wp\/v2\/users\/1"}],"replies":[{"embeddable":true,"href":"https:\/\/pediatricdentalcenters.com\/es\/wp-json\/wp\/v2\/comments?post=4429"}],"version-history":[{"count":4,"href":"https:\/\/pediatricdentalcenters.com\/es\/wp-json\/wp\/v2\/pages\/4429\/revisions"}],"predecessor-version":[{"id":11171,"href":"https:\/\/pediatricdentalcenters.com\/es\/wp-json\/wp\/v2\/pages\/4429\/revisions\/11171"}],"wp:attachment":[{"href":"https:\/\/pediatricdentalcenters.com\/es\/wp-json\/wp\/v2\/media?parent=4429"}],"curies":[{"name":"wp","href":"https:\/\/api.w.org\/{rel}","templated":true}]}}