{"id":4415,"date":"2023-07-24T14:45:54","date_gmt":"2023-07-24T14:45:54","guid":{"rendered":"https:\/\/pediatricdentalcenters.com\/?page_id=4415"},"modified":"2026-02-24T21:26:21","modified_gmt":"2026-02-24T21:26:21","slug":"privacy-policy","status":"publish","type":"page","link":"https:\/\/pediatricdentalcenters.com\/es\/privacy-policy\/","title":{"rendered":"Pol\u00edtica de Privacidad"},"content":{"rendered":"<div data-elementor-type=\"wp-page\" data-elementor-id=\"4415\" class=\"elementor elementor-4415\" data-elementor-post-type=\"page\">\n\t\t\t\t\t\t<section class=\"elementor-section elementor-top-section elementor-element elementor-element-db30558 elementor-section-boxed elementor-section-height-default elementor-section-height-default\" data-id=\"db30558\" data-element_type=\"section\" data-e-type=\"section\">\n\t\t\t\t\t\t<div class=\"elementor-container elementor-column-gap-default\">\n\t\t\t\t\t<div class=\"elementor-column elementor-col-100 elementor-top-column elementor-element elementor-element-e0e3955\" data-id=\"e0e3955\" data-element_type=\"column\" data-e-type=\"column\">\n\t\t\t<div class=\"elementor-widget-wrap elementor-element-populated\">\n\t\t\t\t\t\t<div class=\"elementor-element elementor-element-a868136 elementor-widget elementor-widget-heading\" data-id=\"a868136\" data-element_type=\"widget\" data-e-type=\"widget\" data-widget_type=\"heading.default\">\n\t\t\t\t<div class=\"elementor-widget-container\">\n\t\t\t\t\t<h1 class=\"elementor-heading-title elementor-size-default\">Pol\u00edtica de privacidad y condiciones de uso<\/h1>\t\t\t\t<\/div>\n\t\t\t\t<\/div>\n\t\t\t\t<section class=\"elementor-section elementor-inner-section elementor-element elementor-element-8fe767b elementor-section-boxed elementor-section-height-default elementor-section-height-default\" data-id=\"8fe767b\" data-element_type=\"section\" data-e-type=\"section\">\n\t\t\t\t\t\t<div class=\"elementor-container elementor-column-gap-default\">\n\t\t\t\t\t<div class=\"elementor-column elementor-col-100 elementor-inner-column elementor-element elementor-element-ba1f26c\" data-id=\"ba1f26c\" data-element_type=\"column\" data-e-type=\"column\">\n\t\t\t<div class=\"elementor-widget-wrap elementor-element-populated\">\n\t\t\t\t\t\t<div class=\"elementor-element elementor-element-86bc91a elementor-widget elementor-widget-text-editor\" data-id=\"86bc91a\" data-element_type=\"widget\" data-e-type=\"widget\" data-widget_type=\"text-editor.default\">\n\t\t\t\t<div class=\"elementor-widget-container\">\n\t\t\t\t\t\t\t\t\t<p><em><strong>Pol\u00edtica de Privacidad de Pediatric Dental Centers.<\/strong><\/em><\/p><p><em>Fecha de vigencia: 23\/07\/2023.<\/em><\/p><p>Introducci\u00f3n: \u00a1Bienvenidos a Pediatric Dental Centers! Esta Pol\u00edtica de privacidad explica c\u00f3mo recopilamos, usamos y protegemos su informaci\u00f3n personal cuando visita nuestro consultorio dental o utiliza nuestro sitio web (si corresponde). Al acceder o utilizar nuestros servicios, acepta las pr\u00e1cticas descritas en esta Pol\u00edtica de privacidad.<\/p><p><strong>Informaci\u00f3n que recopilamos:<\/strong><br \/>Informaci\u00f3n personal: podemos recopilar informaci\u00f3n personal de pacientes, visitantes y usuarios de nuestro sitio web, como nombres, direcciones, detalles de contacto, historial m\u00e9dico e informaci\u00f3n de seguros. Informaci\u00f3n no personal: tambi\u00e9n podemos recopilar informaci\u00f3n no personal, como datos demogr\u00e1ficos, estad\u00edsticas de uso del sitio web y cookies (si corresponde).<\/p><p><strong>Prop\u00f3sito de la recopilaci\u00f3n de datos:<\/strong> Recopilamos y utilizamos su informaci\u00f3n para los siguientes fines:<br \/>Proporcionar servicios dentales, incluida la programaci\u00f3n de citas y la planificaci\u00f3n del tratamiento. Tramitaci\u00f3n de facturaci\u00f3n y seguros. Mantener registros de pacientes y garantizar la continuidad de la atenci\u00f3n. Mejorar nuestros servicios y sitio web (si corresponde).<\/p><p><strong>Compartimiento de datos:<\/strong> Podemos compartir su informaci\u00f3n en las siguientes circunstancias limitadas:<br \/>Con nuestro personal dental y proveedores de servicios involucrados en su tratamiento. Con compa\u00f1\u00edas de seguros y otros proveedores de atenci\u00f3n m\u00e9dica para la facturaci\u00f3n y coordinaci\u00f3n de la atenci\u00f3n. Cuando lo exija la ley o para proteger nuestros derechos y seguridad.<\/p><p><strong>Seguridad de datos:<\/strong> Implementamos medidas de seguridad razonables para proteger su informaci\u00f3n del acceso, divulgaci\u00f3n, alteraci\u00f3n o destrucci\u00f3n no autorizados.<\/p><p><strong>Derechos del paciente:<\/strong> Tiene derecho a acceder, corregir y eliminar su informaci\u00f3n personal. Si tiene alguna inquietud sobre sus datos, comun\u00edquese con nosotros utilizando la informaci\u00f3n proporcionada al final de esta Pol\u00edtica de privacidad.<\/p><p><strong>Retenci\u00f3n de datos:<\/strong> Conservamos su informaci\u00f3n personal durante el tiempo que sea necesario para cumplir con los prop\u00f3sitos descritos en esta Pol\u00edtica de privacidad o seg\u00fan lo exija la ley.<\/p><p><strong>Cookies y Seguimiento:<\/strong> Si tenemos un sitio web, podemos usar cookies y tecnolog\u00edas de seguimiento para mejorar su experiencia de navegaci\u00f3n. Puede administrar sus preferencias de cookies a trav\u00e9s de la configuraci\u00f3n de su navegador.<\/p><p><strong>Actualizaciones a la Pol\u00edtica de Privacidad:<\/strong> Es posible que actualicemos esta Pol\u00edtica de privacidad de vez en cuando. Cualquier cambio se publicar\u00e1 en nuestro sitio web y la \"Fecha de vigencia\" en la parte superior de este documento se actualizar\u00e1 en consecuencia.<\/p><p><strong>Cont\u00e1ctenos:<\/strong> Si tiene alguna pregunta o inquietud sobre nuestra Pol\u00edtica de privacidad o las pr\u00e1cticas de datos, cont\u00e1ctenos en:<br \/>Pediatric Dental Centers:<br \/>2645 Douglas Rd. Suite 703<br \/>Miami, Florida<br \/>33133<br \/>Tel\u00e9fono: (786) 368-6212<br \/>Correo electronico: admin@pediatricdentalcenters.com<br \/>Sitio web: pediatricdentalcenters.com<\/p><p><em><b>T\u00e9rminos de Uso de Pediatric Dental Centers.<br \/><\/b>Fecha de vigencia: 23\/07\/2023.<\/em><br \/>\u00a1Bienvenidos a Pediatric Dental Centers! Estos T\u00e9rminos de uso rigen su uso de los servicios y el sitio web de nuestro consultorio dental (si corresponde). Al acceder o utilizar nuestros servicios, usted acepta estar sujeto a estos T\u00e9rminos de uso.<\/p><p><strong>Uso del sitio web:<\/strong><br \/>Puede usar nuestro sitio web con fines informativos y para programar citas, sujeto al cumplimiento de estos T\u00e9rminos de uso. No puede reproducir, distribuir ni modificar ning\u00fan contenido de nuestro sitio web sin nuestro consentimiento previo por escrito.<\/p><p><strong>Programaci\u00f3n de citas:<\/strong><br \/>Para programar una cita, comun\u00edquese con nuestra oficina directamente a trav\u00e9s de los canales proporcionados. Si necesita cancelar o reprogramar una cita, av\u00edsenos con al menos 3 horas de anticipaci\u00f3n.<\/p><p><strong>Pago y Facturaci\u00f3n:<\/strong><br \/>Aceptamos varios m\u00e9todos de pago, y el pago vence en el momento del servicio a menos que se hagan otros arreglos. El pago atrasado puede incurrir en cargos adicionales seg\u00fan nuestra pol\u00edtica de facturaci\u00f3n. La facturaci\u00f3n del seguro est\u00e1 sujeta a los t\u00e9rminos y condiciones de su plan de seguro.<\/p><p><strong>Conducta del paciente:<\/strong><br \/>Esperamos que todos los pacientes se comporten de manera respetuosa con nuestro personal y otros pacientes. Cualquier comportamiento disruptivo o abusivo puede resultar en la terminaci\u00f3n de nuestros servicios.<\/p><p><strong>Propiedad intelectual:<\/strong><br \/>Todo el contenido, los logotipos, las marcas comerciales y la propiedad intelectual asociados con Pediatric Dental Centers son propiedad del consultorio dental. No puede utilizar nuestra propiedad intelectual sin nuestro consentimiento previo por escrito.<\/p><p><strong>Responsabilidad:<\/strong><br \/>Pediatric Dental Centers no es responsable de ning\u00fan da\u00f1o o lesi\u00f3n que resulte del uso de nuestros servicios o sitio web.<\/p><p><b>Ley aplicable y jurisdicci\u00f3n:<\/b><\/p><p><span style=\"font-family: var( --e-global-typography-text-font-family ), Sans-serif; font-size: var(--bodyfontsize); font-weight: var( --e-global-typography-text-font-weight ); letter-spacing: var(--bodyletterspacing); text-transform: var(--bodytexttransform);\">Estos T\u00e9rminos de uso se regir\u00e1n por las leyes del estado de Florida. Cualquier disputa que surja de estos T\u00e9rminos de uso se resolver\u00e1 en los tribunales del estado de Florida.<\/span><\/p><p>Al utilizar nuestros servicios o sitio web, usted reconoce que ha le\u00eddo y entendido estos T\u00e9rminos de uso y acepta estar sujeto a ellos.<br \/>Cont\u00e1ctenos: si tiene alguna pregunta o inquietud sobre nuestros T\u00e9rminos de uso, cont\u00e1ctenos en:<br \/>Pediatric Dental Centers:<br \/>2645 Douglas Rd. Suite 703<br \/>Miami, Florida<br \/>33133<br \/>Tel\u00e9fono: (786) 368-6212<br \/>Correo electronico: admin@pediatricdentalcenters.com<br \/>Sitio web: pediatricdentalcenters.com<\/p>\t\t\t\t\t\t\t\t<\/div>\n\t\t\t\t<\/div>\n\t\t\t\t<div class=\"elementor-element elementor-element-add12d2 elementor-widget-elementskit-dual-button-center elementor-widget elementor-widget-elementskit-dual-button\" data-id=\"add12d2\" data-element_type=\"widget\" data-e-type=\"widget\" data-widget_type=\"elementskit-dual-button.default\">\n\t\t\t\t<div class=\"elementor-widget-container\">\n\t\t\t\t\t<div class=\"ekit-wid-con\" >\n                <div class=\"ekit-element-align-wrapper\">\n                    <div class=\"ekit_double_button\">                <a class=\"ekit-double-btn ekit-double-btn-one\" href=\"https:\/\/pediatricdentalcenters.com\/wp-content\/uploads\/2023\/07\/Pediatric-Dental-Centers-Privacy-Policy_30517261.pdf\" download=\"\">\n                    <i aria-hidden=\"true\" class=\"fas fa-arrow-alt-circle-down\"><\/i>Download in english                <\/a>\n            \n            <a class=\"ekit-double-btn ekit-double-btn-two\" href=\"https:\/\/pediatricdentalcenters.com\/wp-content\/uploads\/2023\/07\/Politica-de-privacidad-y-condiciones-de-uso_30519183.pdf\" download=\"\">\n                    <i aria-hidden=\"true\" class=\"fas fa-arrow-alt-circle-down\"><\/i>Descargar en espa\u00f1ol                <\/a>\n                  <\/div>\n                <\/div>\n            <\/div>\t\t\t\t<\/div>\n\t\t\t\t<\/div>\n\t\t\t\t\t<\/div>\n\t\t<\/div>\n\t\t\t\t\t<\/div>\n\t\t<\/section>\n\t\t\t\t\t<\/div>\n\t\t<\/div>\n\t\t\t\t\t<\/div>\n\t\t<\/section>\n\t\t\t\t<\/div>","protected":false},"excerpt":{"rendered":"<p>Privacy Policy and Terms of Use Pediatric Dental Centers Privacy Policy. Effective Date: 07\/23\/2023. Introduction: Welcome to Pediatric Dental Centers! This Privacy Policy explains how we collect, use, and protect your personal information when you visit our dental office or use our website (if applicable). By accessing or using our services, you consent to the&hellip;&nbsp;<a href=\"https:\/\/pediatricdentalcenters.com\/es\/privacy-policy\/\" rel=\"bookmark\"><span class=\"screen-reader-text\">Pol\u00edtica de Privacidad<\/span><\/a><\/p>","protected":false},"author":1,"featured_media":0,"parent":0,"menu_order":0,"comment_status":"closed","ping_status":"closed","template":"elementor_header_footer","meta":{"neve_meta_sidebar":"","neve_meta_container":"","neve_meta_enable_content_width":"","neve_meta_content_width":0,"neve_meta_title_alignment":"","neve_meta_author_avatar":"","neve_post_elements_order":"","neve_meta_disable_header":"","neve_meta_disable_footer":"","neve_meta_disable_title":"","footnotes":""},"class_list":["post-4415","page","type-page","status-publish","hentry"],"yoast_head":"<!-- This site is optimized with the Yoast SEO plugin v27.0 - https:\/\/yoast.com\/product\/yoast-seo-wordpress\/ -->\n<title>Privacy Policy - Pediatric Dental Centers<\/title>\n<meta name=\"robots\" content=\"index, follow, max-snippet:-1, max-image-preview:large, max-video-preview:-1\" \/>\n<link rel=\"canonical\" href=\"https:\/\/pediatricdentalcenters.com\/es\/privacy-policy\/\" \/>\n<meta property=\"og:locale\" content=\"es_ES\" \/>\n<meta property=\"og:type\" content=\"article\" \/>\n<meta property=\"og:title\" content=\"Privacy Policy - Pediatric Dental Centers\" \/>\n<meta property=\"og:description\" content=\"Privacy Policy and Terms of Use Pediatric Dental Centers Privacy Policy. Effective Date: 07\/23\/2023. Introduction: Welcome to Pediatric Dental Centers! This Privacy Policy explains how we collect, use, and protect your personal information when you visit our dental office or use our website (if applicable). By accessing or using our services, you consent to the&hellip;&nbsp;Privacy Policy\" \/>\n<meta property=\"og:url\" content=\"https:\/\/pediatricdentalcenters.com\/es\/privacy-policy\/\" \/>\n<meta property=\"og:site_name\" content=\"Pediatric Dental Centers\" \/>\n<meta property=\"article:modified_time\" content=\"2026-02-24T21:26:21+00:00\" \/>\n<meta name=\"twitter:card\" content=\"summary_large_image\" \/>\n<meta name=\"twitter:label1\" content=\"Tiempo de lectura\" \/>\n\t<meta name=\"twitter:data1\" content=\"4 minutos\" \/>\n<script type=\"application\/ld+json\" class=\"yoast-schema-graph\">{\"@context\":\"https:\/\/schema.org\",\"@graph\":[{\"@type\":\"WebPage\",\"@id\":\"https:\/\/pediatricdentalcenters.com\/privacy-policy\/\",\"url\":\"https:\/\/pediatricdentalcenters.com\/privacy-policy\/\",\"name\":\"Privacy Policy - Pediatric Dental Centers\",\"isPartOf\":{\"@id\":\"https:\/\/pediatricdentalcenters.com\/#website\"},\"datePublished\":\"2023-07-24T14:45:54+00:00\",\"dateModified\":\"2026-02-24T21:26:21+00:00\",\"breadcrumb\":{\"@id\":\"https:\/\/pediatricdentalcenters.com\/privacy-policy\/#breadcrumb\"},\"inLanguage\":\"es\",\"potentialAction\":[{\"@type\":\"ReadAction\",\"target\":[\"https:\/\/pediatricdentalcenters.com\/privacy-policy\/\"]}]},{\"@type\":\"BreadcrumbList\",\"@id\":\"https:\/\/pediatricdentalcenters.com\/privacy-policy\/#breadcrumb\",\"itemListElement\":[{\"@type\":\"ListItem\",\"position\":1,\"name\":\"Portada\",\"item\":\"https:\/\/pediatricdentalcenters.com\/\"},{\"@type\":\"ListItem\",\"position\":2,\"name\":\"Privacy Policy\"}]},{\"@type\":\"WebSite\",\"@id\":\"https:\/\/pediatricdentalcenters.com\/#website\",\"url\":\"https:\/\/pediatricdentalcenters.com\/\",\"name\":\"Pediatric Dental Centers\",\"description\":\"Pediatric Dental Centers offers high-quality, compassionate dental care for children in a safe, friendly environment. Our expert team ensures your child&#039;s smile stays healthy and bright. Book your appointment today!\",\"publisher\":{\"@id\":\"https:\/\/pediatricdentalcenters.com\/#organization\"},\"potentialAction\":[{\"@type\":\"SearchAction\",\"target\":{\"@type\":\"EntryPoint\",\"urlTemplate\":\"https:\/\/pediatricdentalcenters.com\/?s={search_term_string}\"},\"query-input\":{\"@type\":\"PropertyValueSpecification\",\"valueRequired\":true,\"valueName\":\"search_term_string\"}}],\"inLanguage\":\"es\"},{\"@type\":\"Organization\",\"@id\":\"https:\/\/pediatricdentalcenters.com\/#organization\",\"name\":\"Pediatric Dental Centers\",\"url\":\"https:\/\/pediatricdentalcenters.com\/\",\"logo\":{\"@type\":\"ImageObject\",\"inLanguage\":\"es\",\"@id\":\"https:\/\/pediatricdentalcenters.com\/#\/schema\/logo\/image\/\",\"url\":\"https:\/\/pediatricdentalcenters.com\/wp-content\/uploads\/2023\/02\/PDC-logo-1.png\",\"contentUrl\":\"https:\/\/pediatricdentalcenters.com\/wp-content\/uploads\/2023\/02\/PDC-logo-1.png\",\"width\":1836,\"height\":675,\"caption\":\"Pediatric Dental Centers\"},\"image\":{\"@id\":\"https:\/\/pediatricdentalcenters.com\/#\/schema\/logo\/image\/\"}}]}<\/script>\n<!-- \/ Yoast SEO plugin. -->","yoast_head_json":{"title":"Privacy Policy - Pediatric Dental Centers","robots":{"index":"index","follow":"follow","max-snippet":"max-snippet:-1","max-image-preview":"max-image-preview:large","max-video-preview":"max-video-preview:-1"},"canonical":"https:\/\/pediatricdentalcenters.com\/es\/privacy-policy\/","og_locale":"es_ES","og_type":"article","og_title":"Privacy Policy - Pediatric Dental Centers","og_description":"Privacy Policy and Terms of Use Pediatric Dental Centers Privacy Policy. Effective Date: 07\/23\/2023. Introduction: Welcome to Pediatric Dental Centers! This Privacy Policy explains how we collect, use, and protect your personal information when you visit our dental office or use our website (if applicable). By accessing or using our services, you consent to the&hellip;&nbsp;Privacy Policy","og_url":"https:\/\/pediatricdentalcenters.com\/es\/privacy-policy\/","og_site_name":"Pediatric Dental Centers","article_modified_time":"2026-02-24T21:26:21+00:00","twitter_card":"summary_large_image","twitter_misc":{"Tiempo de lectura":"4 minutos"},"schema":{"@context":"https:\/\/schema.org","@graph":[{"@type":"WebPage","@id":"https:\/\/pediatricdentalcenters.com\/privacy-policy\/","url":"https:\/\/pediatricdentalcenters.com\/privacy-policy\/","name":"Privacy Policy - Pediatric Dental Centers","isPartOf":{"@id":"https:\/\/pediatricdentalcenters.com\/#website"},"datePublished":"2023-07-24T14:45:54+00:00","dateModified":"2026-02-24T21:26:21+00:00","breadcrumb":{"@id":"https:\/\/pediatricdentalcenters.com\/privacy-policy\/#breadcrumb"},"inLanguage":"es","potentialAction":[{"@type":"ReadAction","target":["https:\/\/pediatricdentalcenters.com\/privacy-policy\/"]}]},{"@type":"BreadcrumbList","@id":"https:\/\/pediatricdentalcenters.com\/privacy-policy\/#breadcrumb","itemListElement":[{"@type":"ListItem","position":1,"name":"Portada","item":"https:\/\/pediatricdentalcenters.com\/"},{"@type":"ListItem","position":2,"name":"Privacy Policy"}]},{"@type":"WebSite","@id":"https:\/\/pediatricdentalcenters.com\/#website","url":"https:\/\/pediatricdentalcenters.com\/","name":"Pediatric Dental Centers","description":"Pediatric Dental Centers offers high-quality, compassionate dental care for children in a safe, friendly environment. Our expert team ensures your child&#039;s smile stays healthy and bright. Book your appointment today!","publisher":{"@id":"https:\/\/pediatricdentalcenters.com\/#organization"},"potentialAction":[{"@type":"SearchAction","target":{"@type":"EntryPoint","urlTemplate":"https:\/\/pediatricdentalcenters.com\/?s={search_term_string}"},"query-input":{"@type":"PropertyValueSpecification","valueRequired":true,"valueName":"search_term_string"}}],"inLanguage":"es"},{"@type":"Organization","@id":"https:\/\/pediatricdentalcenters.com\/#organization","name":"Pediatric Dental Centers","url":"https:\/\/pediatricdentalcenters.com\/","logo":{"@type":"ImageObject","inLanguage":"es","@id":"https:\/\/pediatricdentalcenters.com\/#\/schema\/logo\/image\/","url":"https:\/\/pediatricdentalcenters.com\/wp-content\/uploads\/2023\/02\/PDC-logo-1.png","contentUrl":"https:\/\/pediatricdentalcenters.com\/wp-content\/uploads\/2023\/02\/PDC-logo-1.png","width":1836,"height":675,"caption":"Pediatric Dental Centers"},"image":{"@id":"https:\/\/pediatricdentalcenters.com\/#\/schema\/logo\/image\/"}}]}},"_links":{"self":[{"href":"https:\/\/pediatricdentalcenters.com\/es\/wp-json\/wp\/v2\/pages\/4415","targetHints":{"allow":["GET"]}}],"collection":[{"href":"https:\/\/pediatricdentalcenters.com\/es\/wp-json\/wp\/v2\/pages"}],"about":[{"href":"https:\/\/pediatricdentalcenters.com\/es\/wp-json\/wp\/v2\/types\/page"}],"author":[{"embeddable":true,"href":"https:\/\/pediatricdentalcenters.com\/es\/wp-json\/wp\/v2\/users\/1"}],"replies":[{"embeddable":true,"href":"https:\/\/pediatricdentalcenters.com\/es\/wp-json\/wp\/v2\/comments?post=4415"}],"version-history":[{"count":3,"href":"https:\/\/pediatricdentalcenters.com\/es\/wp-json\/wp\/v2\/pages\/4415\/revisions"}],"predecessor-version":[{"id":10288,"href":"https:\/\/pediatricdentalcenters.com\/es\/wp-json\/wp\/v2\/pages\/4415\/revisions\/10288"}],"wp:attachment":[{"href":"https:\/\/pediatricdentalcenters.com\/es\/wp-json\/wp\/v2\/media?parent=4415"}],"curies":[{"name":"wp","href":"https:\/\/api.w.org\/{rel}","templated":true}]}}